{"id":1168,"date":"2024-02-21T19:07:33","date_gmt":"2024-02-21T19:07:33","guid":{"rendered":"https:\/\/neu.eloquenta.ch\/contact-us\/inquiry-language-course-private-person\/"},"modified":"2024-04-03T20:50:00","modified_gmt":"2024-04-03T20:50:00","slug":"inquiry-language-course-private-person","status":"publish","type":"page","link":"https:\/\/eloquenta.ch\/en\/contact-us\/inquiry-language-course-private-person\/","title":{"rendered":"Inquiry language course private person"},"content":{"rendered":"\t\t<div data-elementor-type=\"wp-post\" data-elementor-id=\"1168\" class=\"elementor elementor-1168 elementor-710\">\n\t\t\t\t\t\t<section class=\"elementor-section elementor-top-section elementor-element elementor-element-69029fbe elementor-section-height-min-height elementor-section-content-bottom elementor-reverse-tablet elementor-reverse-mobile elementor-section-boxed elementor-section-height-default elementor-section-items-middle\" data-id=\"69029fbe\" data-element_type=\"section\" data-settings=\"{&quot;background_background&quot;:&quot;classic&quot;}\">\n\t\t\t\t\t\t<div class=\"elementor-container elementor-column-gap-no\">\n\t\t\t\t\t<div class=\"aux-parallax-section elementor-column elementor-col-100 elementor-top-column elementor-element elementor-element-7b127fd9\" data-id=\"7b127fd9\" data-element_type=\"column\">\n\t\t\t<div class=\"elementor-widget-wrap elementor-element-populated\">\n\t\t\t\t\t\t<div class=\"elementor-element elementor-element-24f142b4 elementor-widget elementor-widget-aux_modern_heading\" data-id=\"24f142b4\" data-element_type=\"widget\" data-widget_type=\"aux_modern_heading.default\">\n\t\t\t\t<div class=\"elementor-widget-container\">\n\t\t\t<section class=\"aux-widget-modern-heading\">\n            <div class=\"aux-widget-inner\"><h1 class=\"aux-modern-heading-primary\">Request  <\/h1><div class=\"aux-modern-heading-divider\"><\/div><h2 class=\"aux-modern-heading-secondary\"><span class=\"aux-head-highlight\">We look forward to getting to know you<\/span><\/h2><\/div>\n        <\/section>\t\t<\/div>\n\t\t\t\t<\/div>\n\t\t\t\t\t<\/div>\n\t\t<\/div>\n\t\t\t\t\t<\/div>\n\t\t<\/section>\n\t\t\t\t<section class=\"elementor-section elementor-top-section elementor-element elementor-element-381aec1 elementor-reverse-tablet elementor-reverse-mobile elementor-section-boxed elementor-section-height-default elementor-section-height-default\" data-id=\"381aec1\" data-element_type=\"section\">\n\t\t\t\t\t\t<div class=\"elementor-container elementor-column-gap-no\">\n\t\t\t\t\t<div class=\"aux-parallax-section elementor-column elementor-col-100 elementor-top-column elementor-element elementor-element-771c2f7 aux-appear-watch-animation aux-fade-in-left\" data-id=\"771c2f7\" data-element_type=\"column\" data-settings=\"{&quot;background_background&quot;:&quot;classic&quot;}\">\n\t\t\t<div class=\"elementor-widget-wrap elementor-element-populated\">\n\t\t\t\t\t\t<div class=\"elementor-element elementor-element-9d1694d aux-appear-watch-animation aux-fade-in-up elementor-widget elementor-widget-aux_modern_heading\" data-id=\"9d1694d\" data-element_type=\"widget\" data-widget_type=\"aux_modern_heading.default\">\n\t\t\t\t<div class=\"elementor-widget-container\">\n\t\t\t<section class=\"aux-widget-modern-heading\">\n            <div class=\"aux-widget-inner\"><h2 class=\"aux-modern-heading-primary\">Request for a language course<\/h2><span class=\"aux-modern-heading-secondary\"><span class=\"aux-head-before\">* are mandatory fields<\/span><\/span><\/div>\n        <\/section>\t\t<\/div>\n\t\t\t\t<\/div>\n\t\t\t\t<div class=\"elementor-element elementor-element-568b310 aux-appear-watch-animation aux-fade-in-up elementor-widget elementor-widget-aux_contact_form\" data-id=\"568b310\" data-element_type=\"widget\" data-widget_type=\"aux_contact_form.default\">\n\t\t\t\t<div class=\"elementor-widget-container\">\n\t\t\t<section class=\"widget-container aux-widget-contact-form aux-parent-au44267d12\">            <div class=\"aux-col-wrapper aux-no-gutter\">\n            <!-- @TODO - The output for element here -->\n\n            <p class=\"wpcf7-contact-form-not-found\"><strong>Error:<\/strong> Contact form not found.<\/p>\n\n            <\/div><!-- aux-col-wrapper -->\n    <\/section><!-- widget-container -->\t\t<\/div>\n\t\t\t\t<\/div>\n\t\t\t\t\t<\/div>\n\t\t<\/div>\n\t\t\t\t\t<\/div>\n\t\t<\/section>\n\t\t\t\t<\/div>\n\t\t","protected":false},"excerpt":{"rendered":"<p>Request We look forward to getting to know you Request for a language course * are mandatory fields Vorname* Nachname* E-Mail* Telefon (optional) Adresse (optional) Gew\u00fcnschte Sprache Kursniveau Intensit\u00e4t (Standard, Intensiv) Gruppengr\u00f6sse (Einzel, Minigruppe, Kleingruppe) Ort (Kurslokal, online) Nachricht (optional) Wir verwenden deine Angaben zur Beantwortung deiner Anfrage. Weitere Informationen findest du in unseren Datenschutzbestimmungen.<\/p>\n","protected":false},"author":1,"featured_media":0,"parent":1164,"menu_order":0,"comment_status":"closed","ping_status":"closed","template":"","meta":{"footnotes":""},"class_list":["post-1168","page","type-page","status-publish","hentry"],"yoast_head":"<!-- This site is optimized with the Yoast SEO plugin v25.7 - https:\/\/yoast.com\/wordpress\/plugins\/seo\/ -->\n<title>Request language course - Eloquenta International Language Studio GmbH<\/title>\n<meta name=\"description\" content=\"Would you like to book a language course? Get in touch with us now, we look forward to hearing from you.\" \/>\n<meta name=\"robots\" content=\"index, follow, max-snippet:-1, max-image-preview:large, max-video-preview:-1\" \/>\n<link rel=\"canonical\" href=\"https:\/\/eloquenta.ch\/en\/contact-us\/inquiry-language-course-private-person\/\" \/>\n<meta property=\"og:locale\" content=\"en_US\" \/>\n<meta property=\"og:type\" content=\"article\" \/>\n<meta property=\"og:title\" content=\"Request language course - Eloquenta International Language Studio GmbH\" \/>\n<meta property=\"og:description\" content=\"Would you like to book a language course? Get in touch with us now, we look forward to hearing from you.\" \/>\n<meta property=\"og:url\" content=\"https:\/\/eloquenta.ch\/en\/contact-us\/inquiry-language-course-private-person\/\" \/>\n<meta property=\"og:site_name\" content=\"Eloquenta International Language Studio GmbH\" \/>\n<meta property=\"article:modified_time\" content=\"2024-04-03T20:50:00+00:00\" \/>\n<meta property=\"og:image\" content=\"https:\/\/eloquenta.ch\/wp-content\/uploads\/2024\/02\/Eloquenta-Logo-Schrift.png\" \/>\n\t<meta property=\"og:image:width\" content=\"355\" \/>\n\t<meta property=\"og:image:height\" content=\"92\" \/>\n\t<meta property=\"og:image:type\" content=\"image\/png\" \/>\n<meta name=\"twitter:card\" content=\"summary_large_image\" \/>\n<script type=\"application\/ld+json\" class=\"yoast-schema-graph\">{\"@context\":\"https:\/\/schema.org\",\"@graph\":[{\"@type\":\"WebPage\",\"@id\":\"https:\/\/eloquenta.ch\/en\/contact-us\/inquiry-language-course-private-person\/\",\"url\":\"https:\/\/eloquenta.ch\/en\/contact-us\/inquiry-language-course-private-person\/\",\"name\":\"Request language course - Eloquenta International Language Studio GmbH\",\"isPartOf\":{\"@id\":\"https:\/\/eloquenta.ch\/en\/#website\"},\"datePublished\":\"2024-02-21T19:07:33+00:00\",\"dateModified\":\"2024-04-03T20:50:00+00:00\",\"description\":\"Would you like to book a language course? Get in touch with us now, we look forward to hearing from you.\",\"breadcrumb\":{\"@id\":\"https:\/\/eloquenta.ch\/en\/contact-us\/inquiry-language-course-private-person\/#breadcrumb\"},\"inLanguage\":\"en-US\",\"potentialAction\":[{\"@type\":\"ReadAction\",\"target\":[\"https:\/\/eloquenta.ch\/en\/contact-us\/inquiry-language-course-private-person\/\"]}]},{\"@type\":\"BreadcrumbList\",\"@id\":\"https:\/\/eloquenta.ch\/en\/contact-us\/inquiry-language-course-private-person\/#breadcrumb\",\"itemListElement\":[{\"@type\":\"ListItem\",\"position\":1,\"name\":\"Startseite\",\"item\":\"https:\/\/eloquenta.ch\/en\/home\/\"},{\"@type\":\"ListItem\",\"position\":2,\"name\":\"Contact us\",\"item\":\"https:\/\/eloquenta.ch\/en\/contact-us\/\"},{\"@type\":\"ListItem\",\"position\":3,\"name\":\"Inquiry language course private person\"}]},{\"@type\":\"WebSite\",\"@id\":\"https:\/\/eloquenta.ch\/en\/#website\",\"url\":\"https:\/\/eloquenta.ch\/en\/\",\"name\":\"Eloquenta International Language Studio GmbH\",\"description\":\"More than just languages \",\"publisher\":{\"@id\":\"https:\/\/eloquenta.ch\/en\/#organization\"},\"potentialAction\":[{\"@type\":\"SearchAction\",\"target\":{\"@type\":\"EntryPoint\",\"urlTemplate\":\"https:\/\/eloquenta.ch\/en\/?s={search_term_string}\"},\"query-input\":{\"@type\":\"PropertyValueSpecification\",\"valueRequired\":true,\"valueName\":\"search_term_string\"}}],\"inLanguage\":\"en-US\"},{\"@type\":\"Organization\",\"@id\":\"https:\/\/eloquenta.ch\/en\/#organization\",\"name\":\"Eloquenta International Language Studio GmbH\",\"url\":\"https:\/\/eloquenta.ch\/en\/\",\"logo\":{\"@type\":\"ImageObject\",\"inLanguage\":\"en-US\",\"@id\":\"https:\/\/eloquenta.ch\/en\/#\/schema\/logo\/image\/\",\"url\":\"https:\/\/eloquenta.ch\/wp-content\/uploads\/2024\/02\/cropped-Eloquenta-Language-School-Logo.png\",\"contentUrl\":\"https:\/\/eloquenta.ch\/wp-content\/uploads\/2024\/02\/cropped-Eloquenta-Language-School-Logo.png\",\"width\":150,\"height\":150,\"caption\":\"Eloquenta International Language Studio GmbH\"},\"image\":{\"@id\":\"https:\/\/eloquenta.ch\/en\/#\/schema\/logo\/image\/\"},\"sameAs\":[\"https:\/\/www.linkedin.com\/company\/eloquenta-international-language-studio-gmbh\/about\/\"]}]}<\/script>\n<!-- \/ Yoast SEO plugin. -->","yoast_head_json":{"title":"Request language course - Eloquenta International Language Studio GmbH","description":"Would you like to book a language course? Get in touch with us now, we look forward to hearing from you.","robots":{"index":"index","follow":"follow","max-snippet":"max-snippet:-1","max-image-preview":"max-image-preview:large","max-video-preview":"max-video-preview:-1"},"canonical":"https:\/\/eloquenta.ch\/en\/contact-us\/inquiry-language-course-private-person\/","og_locale":"en_US","og_type":"article","og_title":"Request language course - Eloquenta International Language Studio GmbH","og_description":"Would you like to book a language course? Get in touch with us now, we look forward to hearing from you.","og_url":"https:\/\/eloquenta.ch\/en\/contact-us\/inquiry-language-course-private-person\/","og_site_name":"Eloquenta International Language Studio GmbH","article_modified_time":"2024-04-03T20:50:00+00:00","og_image":[{"width":355,"height":92,"url":"https:\/\/eloquenta.ch\/wp-content\/uploads\/2024\/02\/Eloquenta-Logo-Schrift.png","type":"image\/png"}],"twitter_card":"summary_large_image","schema":{"@context":"https:\/\/schema.org","@graph":[{"@type":"WebPage","@id":"https:\/\/eloquenta.ch\/en\/contact-us\/inquiry-language-course-private-person\/","url":"https:\/\/eloquenta.ch\/en\/contact-us\/inquiry-language-course-private-person\/","name":"Request language course - Eloquenta International Language Studio GmbH","isPartOf":{"@id":"https:\/\/eloquenta.ch\/en\/#website"},"datePublished":"2024-02-21T19:07:33+00:00","dateModified":"2024-04-03T20:50:00+00:00","description":"Would you like to book a language course? Get in touch with us now, we look forward to hearing from you.","breadcrumb":{"@id":"https:\/\/eloquenta.ch\/en\/contact-us\/inquiry-language-course-private-person\/#breadcrumb"},"inLanguage":"en-US","potentialAction":[{"@type":"ReadAction","target":["https:\/\/eloquenta.ch\/en\/contact-us\/inquiry-language-course-private-person\/"]}]},{"@type":"BreadcrumbList","@id":"https:\/\/eloquenta.ch\/en\/contact-us\/inquiry-language-course-private-person\/#breadcrumb","itemListElement":[{"@type":"ListItem","position":1,"name":"Startseite","item":"https:\/\/eloquenta.ch\/en\/home\/"},{"@type":"ListItem","position":2,"name":"Contact us","item":"https:\/\/eloquenta.ch\/en\/contact-us\/"},{"@type":"ListItem","position":3,"name":"Inquiry language course private person"}]},{"@type":"WebSite","@id":"https:\/\/eloquenta.ch\/en\/#website","url":"https:\/\/eloquenta.ch\/en\/","name":"Eloquenta International Language Studio GmbH","description":"More than just languages ","publisher":{"@id":"https:\/\/eloquenta.ch\/en\/#organization"},"potentialAction":[{"@type":"SearchAction","target":{"@type":"EntryPoint","urlTemplate":"https:\/\/eloquenta.ch\/en\/?s={search_term_string}"},"query-input":{"@type":"PropertyValueSpecification","valueRequired":true,"valueName":"search_term_string"}}],"inLanguage":"en-US"},{"@type":"Organization","@id":"https:\/\/eloquenta.ch\/en\/#organization","name":"Eloquenta International Language Studio GmbH","url":"https:\/\/eloquenta.ch\/en\/","logo":{"@type":"ImageObject","inLanguage":"en-US","@id":"https:\/\/eloquenta.ch\/en\/#\/schema\/logo\/image\/","url":"https:\/\/eloquenta.ch\/wp-content\/uploads\/2024\/02\/cropped-Eloquenta-Language-School-Logo.png","contentUrl":"https:\/\/eloquenta.ch\/wp-content\/uploads\/2024\/02\/cropped-Eloquenta-Language-School-Logo.png","width":150,"height":150,"caption":"Eloquenta International Language Studio GmbH"},"image":{"@id":"https:\/\/eloquenta.ch\/en\/#\/schema\/logo\/image\/"},"sameAs":["https:\/\/www.linkedin.com\/company\/eloquenta-international-language-studio-gmbh\/about\/"]}]}},"_links":{"self":[{"href":"https:\/\/eloquenta.ch\/en\/wp-json\/wp\/v2\/pages\/1168","targetHints":{"allow":["GET"]}}],"collection":[{"href":"https:\/\/eloquenta.ch\/en\/wp-json\/wp\/v2\/pages"}],"about":[{"href":"https:\/\/eloquenta.ch\/en\/wp-json\/wp\/v2\/types\/page"}],"author":[{"embeddable":true,"href":"https:\/\/eloquenta.ch\/en\/wp-json\/wp\/v2\/users\/1"}],"replies":[{"embeddable":true,"href":"https:\/\/eloquenta.ch\/en\/wp-json\/wp\/v2\/comments?post=1168"}],"version-history":[{"count":2,"href":"https:\/\/eloquenta.ch\/en\/wp-json\/wp\/v2\/pages\/1168\/revisions"}],"predecessor-version":[{"id":1459,"href":"https:\/\/eloquenta.ch\/en\/wp-json\/wp\/v2\/pages\/1168\/revisions\/1459"}],"up":[{"embeddable":true,"href":"https:\/\/eloquenta.ch\/en\/wp-json\/wp\/v2\/pages\/1164"}],"wp:attachment":[{"href":"https:\/\/eloquenta.ch\/en\/wp-json\/wp\/v2\/media?parent=1168"}],"curies":[{"name":"wp","href":"https:\/\/api.w.org\/{rel}","templated":true}]}}